{"id":5708,"date":"2019-10-06T12:31:21","date_gmt":"2019-10-06T10:31:21","guid":{"rendered":"https:\/\/www.zherohotelmallorca.com\/?page_id=5708"},"modified":"2022-03-10T14:03:05","modified_gmt":"2022-03-10T13:03:05","slug":"kontakt-boka-direkt","status":"publish","type":"page","link":"https:\/\/www.zherohotelmallorca.com\/se\/kontakt-boka-direkt\/","title":{"rendered":"Kontakt"},"content":{"rendered":"<p><div class=\"fusion-fullwidth fullwidth-box fusion-builder-row-1 nonhundred-percent-fullwidth non-hundred-percent-height-scrolling\" style=\"--awb-border-radius-top-left:0px;--awb-border-radius-top-right:0px;--awb-border-radius-bottom-right:0px;--awb-border-radius-bottom-left:0px;--awb-padding-top:0px;--awb-padding-right:0px;--awb-padding-bottom:0px;--awb-padding-left:0px;--awb-margin-top:40px;--awb-margin-bottom:40px;--awb-flex-wrap:wrap;\" ><div class=\"fusion-builder-row fusion-row\"><div class=\"fusion-layout-column fusion_builder_column fusion-builder-column-0 fusion_builder_column_1_1 1_1 fusion-one-full fusion-column-first fusion-column-last fusion-no-small-visibility\" style=\"--awb-bg-size:cover;--awb-margin-bottom:0px;\"><div class=\"fusion-column-wrapper fusion-column-has-shadow fusion-flex-column-wrapper-legacy\"><div class=\"fusion-clearfix\"><\/div><\/div><\/div><\/div><\/div>\n<div class=\"fusion-fullwidth fullwidth-box fusion-builder-row-2 nonhundred-percent-fullwidth non-hundred-percent-height-scrolling\" style=\"--awb-border-radius-top-left:0px;--awb-border-radius-top-right:0px;--awb-border-radius-bottom-right:0px;--awb-border-radius-bottom-left:0px;--awb-flex-wrap:wrap;\" ><div class=\"fusion-builder-row fusion-row\"><div class=\"fusion-layout-column fusion_builder_column fusion-builder-column-1 fusion_builder_column_1_1 1_1 fusion-one-full fusion-column-first fusion-column-last\" style=\"--awb-bg-size:cover;\"><div class=\"fusion-column-wrapper fusion-flex-column-wrapper-legacy\"><div class=\"fusion-sep-clear\"><\/div><div class=\"fusion-separator fusion-full-width-sep\" style=\"margin-left: auto;margin-right: auto;margin-top:80px;width:100%;\"><\/div><div class=\"fusion-sep-clear\"><\/div><div class=\"fusion-clearfix\"><\/div><\/div><\/div><\/div><\/div><div class=\"fusion-fullwidth fullwidth-box fusion-builder-row-3 nonhundred-percent-fullwidth non-hundred-percent-height-scrolling\" style=\"--awb-border-radius-top-left:0px;--awb-border-radius-top-right:0px;--awb-border-radius-bottom-right:0px;--awb-border-radius-bottom-left:0px;--awb-flex-wrap:wrap;\" ><div class=\"fusion-builder-row fusion-row\"><div class=\"fusion-layout-column fusion_builder_column fusion-builder-column-2 fusion_builder_column_1_4 1_4 fusion-one-fourth fusion-column-first\" style=\"--awb-bg-size:cover;width:25%;width:calc(25% - ( ( 4% + 4% ) * 0.25 ) );margin-right: 4%;\"><div class=\"fusion-column-wrapper fusion-flex-column-wrapper-legacy\"><div class=\"fusion-text fusion-text-1\"><h2 style=\"text-align: center;\">Kontakt<\/h2>\n<\/div><div class=\"fusion-text fusion-text-2\"><p style=\"text-align: center;\">ZHERO HOTEL PALMA<br \/>\nFRONT DESK <a style=\"text-align: center; color: #624535;\" href=\"tel:+34971917917\">+34 971 917 917 <\/a><br \/>\n<a style=\"text-align: center; color: #624535;\" href=\"mailto:info@zherohotelmallorca.com \">info@zherohotelmallorca.com <\/a><\/p>\n<\/div><div class=\"fusion-clearfix\"><\/div><\/div><\/div><div class=\"fusion-layout-column fusion_builder_column fusion-builder-column-3 fusion_builder_column_1_2 1_2 fusion-one-half\" style=\"--awb-bg-size:cover;width:50%;width:calc(50% - ( ( 4% + 4% ) * 0.5 ) );margin-right: 4%;\"><div class=\"fusion-column-wrapper fusion-flex-column-wrapper-legacy\"><div class=\"fusion-image-element in-legacy-container\" style=\"--awb-caption-title-font-family:var(--h2_typography-font-family);--awb-caption-title-font-weight:var(--h2_typography-font-weight);--awb-caption-title-font-style:var(--h2_typography-font-style);--awb-caption-title-size:var(--h2_typography-font-size);--awb-caption-title-transform:var(--h2_typography-text-transform);--awb-caption-title-line-height:var(--h2_typography-line-height);--awb-caption-title-letter-spacing:var(--h2_typography-letter-spacing);\"><span class=\" fusion-imageframe imageframe-none imageframe-1 hover-type-none\"><img decoding=\"async\" width=\"800\" height=\"481\" title=\"zhero-hotel-palma-mallorca-chillout-hotel-lobby-contact-front-desk\" src=\"https:\/\/www.zherohotelmallorca.com\/wp-content\/uploads\/2019\/07\/zhero-hotel-palma-mallorca-chillout-hotel-lobby-contact-front-desk-800x481.jpg\" alt class=\"img-responsive wp-image-5789\" srcset=\"https:\/\/www.zherohotelmallorca.com\/wp-content\/uploads\/2019\/07\/zhero-hotel-palma-mallorca-chillout-hotel-lobby-contact-front-desk-200x120.jpg 200w, https:\/\/www.zherohotelmallorca.com\/wp-content\/uploads\/2019\/07\/zhero-hotel-palma-mallorca-chillout-hotel-lobby-contact-front-desk-400x241.jpg 400w, https:\/\/www.zherohotelmallorca.com\/wp-content\/uploads\/2019\/07\/zhero-hotel-palma-mallorca-chillout-hotel-lobby-contact-front-desk-600x361.jpg 600w, https:\/\/www.zherohotelmallorca.com\/wp-content\/uploads\/2019\/07\/zhero-hotel-palma-mallorca-chillout-hotel-lobby-contact-front-desk-800x481.jpg 800w, https:\/\/www.zherohotelmallorca.com\/wp-content\/uploads\/2019\/07\/zhero-hotel-palma-mallorca-chillout-hotel-lobby-contact-front-desk.jpg 989w\" sizes=\"(max-width: 800px) 100vw, 800px\" \/><\/span><\/div><div class=\"fusion-clearfix\"><\/div><\/div><\/div><div class=\"fusion-layout-column fusion_builder_column fusion-builder-column-4 fusion_builder_column_1_4 1_4 fusion-one-fourth fusion-column-last\" style=\"--awb-bg-size:cover;width:25%;width:calc(25% - ( ( 4% + 4% ) * 0.25 ) );\"><div class=\"fusion-column-wrapper fusion-flex-column-wrapper-legacy\"><div class=\"fusion-text fusion-text-3\"><h2 style=\"text-align: center;\">Address<\/h2>\n<\/div><div class=\"fusion-text fusion-text-4\"><p style=\"text-align: center;\">HOTEL CAS CATALA SL<br \/>\ncrta.Palma Andratx km 6<br \/>\n07181 Calvia<\/p>\n<p>&nbsp;<\/p>\n<\/div><div class=\"fusion-clearfix\"><\/div><\/div><\/div><\/div><\/div><div class=\"fusion-fullwidth fullwidth-box fusion-builder-row-4 nonhundred-percent-fullwidth non-hundred-percent-height-scrolling\" style=\"--awb-border-radius-top-left:0px;--awb-border-radius-top-right:0px;--awb-border-radius-bottom-right:0px;--awb-border-radius-bottom-left:0px;--awb-flex-wrap:wrap;\" ><div class=\"fusion-builder-row fusion-row\"><div class=\"fusion-layout-column fusion_builder_column fusion-builder-column-5 fusion_builder_column_1_1 1_1 fusion-one-full fusion-column-first fusion-column-last\" style=\"--awb-bg-size:cover;\"><div class=\"fusion-column-wrapper fusion-flex-column-wrapper-legacy\"><div class=\"fusion-text fusion-text-5\" style=\"--awb-text-transform:none;\"><p style=\"text-align: center;\">KLICKA P\u00c5 KNAPPEN F\u00d6R ATT \u00d6PPNA V\u00c5R DIREKTA BOKNINGSSIDA<\/p>\n<\/div><div class=\"fusion-aligncenter\"><a class=\"fusion-button button-flat button-xlarge button-custom fusion-button-default button-1 fusion-button-span-no fusion-has-button-gradient\" style=\"--button_accent_color:rgba(63,48,47,0.85);--button_border_color:rgba(63,48,47,0.85);--button_accent_hover_color:#3f302f;--button_border_hover_color:#3f302f;--button_border_width-top:0px;--button_border_width-right:0px;--button_border_width-bottom:0px;--button_border_width-left:0px;--button_gradient_top_color:rgba(31,190,202,0.31);--button_gradient_bottom_color:rgba(31,190,202,0.31);--button_gradient_top_color_hover:rgba(0,188,212,0.39);--button_gradient_bottom_color_hover:rgba(0,188,212,0.31);\" target=\"_blank\" rel=\"noopener noreferrer\" title=\"BOKA DIREKT\" aria-label=\"BOKA DIREKT\" href=\"https:\/\/api.mews.com\/distributor\/aa1be668-ba1c-4581-81d3-ae3700b4d301\"><span class=\"fusion-button-text awb-button__text awb-button__text--default\">KLICKA H\u00c4R F\u00d6R ATT BOKA<\/span><\/a><\/div>\n<div class=\"fusion-clearfix\"><\/div><\/div><\/div><\/div><\/div><\/p>\n","protected":false},"excerpt":{"rendered":"","protected":false},"author":1,"featured_media":0,"parent":0,"menu_order":0,"comment_status":"closed","ping_status":"closed","template":"","meta":{"footnotes":""},"class_list":["post-5708","page","type-page","status-publish","hentry"],"yoast_head":"<!-- This site is optimized with the Yoast SEO plugin v27.4 - https:\/\/yoast.com\/product\/yoast-seo-wordpress\/ -->\n<title>Kontakt - Zhero Hotel Palma - Avkoppling p\u00e5 boutiquehotell<\/title>\n<meta name=\"robots\" content=\"index, follow, max-snippet:-1, max-image-preview:large, max-video-preview:-1\" \/>\n<link rel=\"canonical\" href=\"https:\/\/www.zherohotelmallorca.com\/se\/kontakt-boka-direkt\/\" \/>\n<meta property=\"og:locale\" content=\"sv_SE\" \/>\n<meta property=\"og:type\" content=\"article\" \/>\n<meta property=\"og:title\" content=\"Kontakt - Zhero Hotel Palma - Avkoppling p\u00e5 boutiquehotell\" \/>\n<meta property=\"og:url\" content=\"https:\/\/www.zherohotelmallorca.com\/se\/kontakt-boka-direkt\/\" \/>\n<meta property=\"og:site_name\" content=\"Zhero Hotel Palma - Avkoppling p\u00e5 boutiquehotell\" \/>\n<meta property=\"article:publisher\" content=\"https:\/\/www.facebook.com\/zherohotelmallorca\/\" \/>\n<meta property=\"article:modified_time\" content=\"2022-03-10T13:03:05+00:00\" \/>\n<meta name=\"twitter:card\" content=\"summary_large_image\" \/>\n<meta name=\"twitter:label1\" content=\"Ber\u00e4knad l\u00e4stid\" \/>\n\t<meta name=\"twitter:data1\" content=\"5 minuter\" \/>\n<script type=\"application\/ld+json\" class=\"yoast-schema-graph\">{\"@context\":\"https:\\\/\\\/schema.org\",\"@graph\":[{\"@type\":\"WebPage\",\"@id\":\"https:\\\/\\\/www.zherohotelmallorca.com\\\/se\\\/kontakt-boka-direkt\\\/\",\"url\":\"https:\\\/\\\/www.zherohotelmallorca.com\\\/se\\\/kontakt-boka-direkt\\\/\",\"name\":\"Kontakt - Zhero Hotel Palma - Avkoppling p\u00e5 boutiquehotell\",\"isPartOf\":{\"@id\":\"https:\\\/\\\/www.zherohotelmallorca.com\\\/#website\"},\"datePublished\":\"2019-10-06T10:31:21+00:00\",\"dateModified\":\"2022-03-10T13:03:05+00:00\",\"breadcrumb\":{\"@id\":\"https:\\\/\\\/www.zherohotelmallorca.com\\\/se\\\/kontakt-boka-direkt\\\/#breadcrumb\"},\"inLanguage\":\"sv-SE\",\"potentialAction\":[{\"@type\":\"ReadAction\",\"target\":[\"https:\\\/\\\/www.zherohotelmallorca.com\\\/se\\\/kontakt-boka-direkt\\\/\"]}]},{\"@type\":\"BreadcrumbList\",\"@id\":\"https:\\\/\\\/www.zherohotelmallorca.com\\\/se\\\/kontakt-boka-direkt\\\/#breadcrumb\",\"itemListElement\":[{\"@type\":\"ListItem\",\"position\":1,\"name\":\"Startseite\",\"item\":\"https:\\\/\\\/www.zherohotelmallorca.com\\\/se\\\/\"},{\"@type\":\"ListItem\",\"position\":2,\"name\":\"Kontakt\"}]},{\"@type\":\"WebSite\",\"@id\":\"https:\\\/\\\/www.zherohotelmallorca.com\\\/#website\",\"url\":\"https:\\\/\\\/www.zherohotelmallorca.com\\\/\",\"name\":\"Zhero Hotel Palma - Avkoppling p\u00e5 boutiquehotell\",\"description\":\"The Place to Stay in Mallorca\",\"potentialAction\":[{\"@type\":\"SearchAction\",\"target\":{\"@type\":\"EntryPoint\",\"urlTemplate\":\"https:\\\/\\\/www.zherohotelmallorca.com\\\/?s={search_term_string}\"},\"query-input\":{\"@type\":\"PropertyValueSpecification\",\"valueRequired\":true,\"valueName\":\"search_term_string\"}}],\"inLanguage\":\"sv-SE\"}]}<\/script>\n<!-- \/ Yoast SEO plugin. -->","yoast_head_json":{"title":"Kontakt - Zhero Hotel Palma - Avkoppling p\u00e5 boutiquehotell","robots":{"index":"index","follow":"follow","max-snippet":"max-snippet:-1","max-image-preview":"max-image-preview:large","max-video-preview":"max-video-preview:-1"},"canonical":"https:\/\/www.zherohotelmallorca.com\/se\/kontakt-boka-direkt\/","og_locale":"sv_SE","og_type":"article","og_title":"Kontakt - Zhero Hotel Palma - Avkoppling p\u00e5 boutiquehotell","og_url":"https:\/\/www.zherohotelmallorca.com\/se\/kontakt-boka-direkt\/","og_site_name":"Zhero Hotel Palma - Avkoppling p\u00e5 boutiquehotell","article_publisher":"https:\/\/www.facebook.com\/zherohotelmallorca\/","article_modified_time":"2022-03-10T13:03:05+00:00","twitter_card":"summary_large_image","twitter_misc":{"Ber\u00e4knad l\u00e4stid":"5 minuter"},"schema":{"@context":"https:\/\/schema.org","@graph":[{"@type":"WebPage","@id":"https:\/\/www.zherohotelmallorca.com\/se\/kontakt-boka-direkt\/","url":"https:\/\/www.zherohotelmallorca.com\/se\/kontakt-boka-direkt\/","name":"Kontakt - Zhero Hotel Palma - Avkoppling p\u00e5 boutiquehotell","isPartOf":{"@id":"https:\/\/www.zherohotelmallorca.com\/#website"},"datePublished":"2019-10-06T10:31:21+00:00","dateModified":"2022-03-10T13:03:05+00:00","breadcrumb":{"@id":"https:\/\/www.zherohotelmallorca.com\/se\/kontakt-boka-direkt\/#breadcrumb"},"inLanguage":"sv-SE","potentialAction":[{"@type":"ReadAction","target":["https:\/\/www.zherohotelmallorca.com\/se\/kontakt-boka-direkt\/"]}]},{"@type":"BreadcrumbList","@id":"https:\/\/www.zherohotelmallorca.com\/se\/kontakt-boka-direkt\/#breadcrumb","itemListElement":[{"@type":"ListItem","position":1,"name":"Startseite","item":"https:\/\/www.zherohotelmallorca.com\/se\/"},{"@type":"ListItem","position":2,"name":"Kontakt"}]},{"@type":"WebSite","@id":"https:\/\/www.zherohotelmallorca.com\/#website","url":"https:\/\/www.zherohotelmallorca.com\/","name":"Zhero Hotel Palma - Avkoppling p\u00e5 boutiquehotell","description":"The Place to Stay in Mallorca","potentialAction":[{"@type":"SearchAction","target":{"@type":"EntryPoint","urlTemplate":"https:\/\/www.zherohotelmallorca.com\/?s={search_term_string}"},"query-input":{"@type":"PropertyValueSpecification","valueRequired":true,"valueName":"search_term_string"}}],"inLanguage":"sv-SE"}]}},"_links":{"self":[{"href":"https:\/\/www.zherohotelmallorca.com\/se\/wp-json\/wp\/v2\/pages\/5708","targetHints":{"allow":["GET"]}}],"collection":[{"href":"https:\/\/www.zherohotelmallorca.com\/se\/wp-json\/wp\/v2\/pages"}],"about":[{"href":"https:\/\/www.zherohotelmallorca.com\/se\/wp-json\/wp\/v2\/types\/page"}],"author":[{"embeddable":true,"href":"https:\/\/www.zherohotelmallorca.com\/se\/wp-json\/wp\/v2\/users\/1"}],"replies":[{"embeddable":true,"href":"https:\/\/www.zherohotelmallorca.com\/se\/wp-json\/wp\/v2\/comments?post=5708"}],"version-history":[{"count":6,"href":"https:\/\/www.zherohotelmallorca.com\/se\/wp-json\/wp\/v2\/pages\/5708\/revisions"}],"predecessor-version":[{"id":18656,"href":"https:\/\/www.zherohotelmallorca.com\/se\/wp-json\/wp\/v2\/pages\/5708\/revisions\/18656"}],"wp:attachment":[{"href":"https:\/\/www.zherohotelmallorca.com\/se\/wp-json\/wp\/v2\/media?parent=5708"}],"curies":[{"name":"wp","href":"https:\/\/api.w.org\/{rel}","templated":true}]}}